{"id":1666,"date":"2025-10-22T16:17:54","date_gmt":"2025-10-22T16:17:54","guid":{"rendered":"https:\/\/www.craniowell.com\/?page_id=1666"},"modified":"2025-12-28T21:50:34","modified_gmt":"2025-12-28T21:50:34","slug":"egitim-sayfasii","status":"publish","type":"page","link":"https:\/\/www.craniowell.com\/en\/egitim-sayfasii\/","title":{"rendered":"E\u011fitim Sayfas\u0131 T\u00fcrk\u00e7e"},"content":{"rendered":"<div class=\"passster-form\" id=\"ps-529\">\r\n    <form class=\"password-form\" method=\"post\" autocomplete=\"off\" target=\"_top\" action=\"\">\r\n        <span class=\"ps-form-headline\">This content is password protected. To view it, please enter your password below:<\/span>\r\n        <p><\/p>\r\n        <fieldset>\r\n            <span class=\"ps-loader\"><img decoding=\"async\" src=\"https:\/\/www.craniowell.com\/wp-content\/plugins\/content-protector\/assets\/public\/ps-loader.svg\" alt=\"\" \/><\/span>\r\n            <label for=\"input-ps-529\" style=\"display:none;\">Enter your password<\/label>\r\n            <input placeholder=\"Enter Password\" type=\"password\" tabindex=\"1\" name=\"passster_password\"\r\n                   id=\"input-ps-529\" class=\"passster-password\" autocomplete=\"off\"\r\n                   data-protection-type=\"password\" data-list=\"[PASSSTER_LIST]\" data-lists=\"[PASSSTER_LISTS]\" data-area=\"[PASSSTER_AREA]\"\r\n                   data-protection=\"full\">\r\n            \r\n            <button name=\"submit\" type=\"submit\" class=\"passster-submit\" data-psid=\"ps-529\" \r\n                    data-submit=\"...Checking Password\" data-redirect=\"\">Login\r\n            <\/button>\r\n            <div class=\"passster-error\"><\/div>\r\n        <\/fieldset>\r\n    <input type=\"hidden\" name=\"trp-form-language\" value=\"en\"\/><\/form>\r\n<\/div>","protected":false},"excerpt":{"rendered":"<div class=\"passster-form\" id=\"ps-18\">\n<form class=\"password-form\" method=\"post\" autocomplete=\"off\" target=\"_top\" action=\"\">\n        <span class=\"ps-form-headline\">This content is password protected. To view it, please enter your password below:<\/span><\/p>\n<fieldset>\n            <span class=\"ps-loader\"><img decoding=\"async\" src=\"https:\/\/www.craniowell.com\/wp-content\/plugins\/content-protector\/assets\/public\/ps-loader.svg\" alt=\"\" \/><\/span><br \/>\n            <label for=\"input-ps-18\" style=\"display:none;\">Enter your password<\/label><br \/>\n            <input placeholder=\"Enter Password\" type=\"password\" tabindex=\"1\" name=\"passster_password\"\n                   id=\"input-ps-18\" class=\"passster-password\" autocomplete=\"off\"\n                   data-protection-type=\"password\" data-list=\"[PASSSTER_LIST]\" data-lists=\"[PASSSTER_LISTS]\" data-area=\"[PASSSTER_AREA]\"\n                   data-protection=\"full\"><\/p>\n<p>            <button name=\"submit\" type=\"submit\" class=\"passster-submit\" data-psid=\"ps-18\" \n                    data-submit=\"...Checking Password\" data-redirect=\"\">Login<br \/>\n            <\/button><\/p>\n<div class=\"passster-error\"><\/div>\n<\/fieldset><input type=\"hidden\" name=\"trp-form-language\" value=\"en\"\/><\/form>\n<\/div>","protected":false},"author":1,"featured_media":0,"parent":0,"menu_order":0,"comment_status":"closed","ping_status":"closed","template":"","meta":{"_sitemap_exclude":false,"_sitemap_priority":"","_sitemap_frequency":"","footnotes":""},"class_list":["post-1666","page","type-page","status-publish","hentry"],"_links":{"self":[{"href":"https:\/\/www.craniowell.com\/en\/wp-json\/wp\/v2\/pages\/1666","targetHints":{"allow":["GET"]}}],"collection":[{"href":"https:\/\/www.craniowell.com\/en\/wp-json\/wp\/v2\/pages"}],"about":[{"href":"https:\/\/www.craniowell.com\/en\/wp-json\/wp\/v2\/types\/page"}],"author":[{"embeddable":true,"href":"https:\/\/www.craniowell.com\/en\/wp-json\/wp\/v2\/users\/1"}],"replies":[{"embeddable":true,"href":"https:\/\/www.craniowell.com\/en\/wp-json\/wp\/v2\/comments?post=1666"}],"version-history":[{"count":20,"href":"https:\/\/www.craniowell.com\/en\/wp-json\/wp\/v2\/pages\/1666\/revisions"}],"predecessor-version":[{"id":1779,"href":"https:\/\/www.craniowell.com\/en\/wp-json\/wp\/v2\/pages\/1666\/revisions\/1779"}],"wp:attachment":[{"href":"https:\/\/www.craniowell.com\/en\/wp-json\/wp\/v2\/media?parent=1666"}],"curies":[{"name":"wp","href":"https:\/\/api.w.org\/{rel}","templated":true}]}}